{"id":3007,"date":"2021-10-21T13:51:41","date_gmt":"2021-10-21T13:51:41","guid":{"rendered":"https:\/\/grillarts.es\/?page_id=3007"},"modified":"2025-04-24T09:24:07","modified_gmt":"2025-04-24T09:24:07","slug":"pagina-principal","status":"publish","type":"page","link":"https:\/\/grillarts.es\/es","title":{"rendered":"Restaurante Grill&#8217;Arts"},"content":{"rendered":"<p>[vc_row css=&#8221;.vc_custom_1512731014402{margin-top: 0px !important;margin-right: 0px !important;margin-bottom: 0px !important;margin-left: 0px !important;padding-top: 0px !important;padding-right: 0px !important;padding-bottom: 0px !important;padding-left: 0px !important;background-color: #000000 !important;}&#8221; simple_background_color=&#8221;#000000&#8243; el_class=&#8221;.edgtf-rev-main-home-slider&#8221;][vc_column css=&#8221;.vc_custom_1511367652766{margin-top: 0px !important;margin-right: 0px !important;margin-bottom: 0px !important;margin-left: 0px !important;padding-top: 0px !important;padding-right: 0px !important;padding-bottom: 0px !important;padding-left: 0px !important;}&#8221;][rev_slider_vc alias=&#8221;home-1&#8243; enable_paspartu=&#8221;no&#8221;][\/vc_column][\/vc_row][vc_row gap=&#8221;10&#8243; css=&#8221;.vc_custom_1642414755802{margin-right: 50px !important;margin-left: 50px !important;}&#8221;][vc_column width=&#8221;1\/2&#8243;][vc_column_text]<!-- Google Tag Manager --><br \/>\n<script>(function(w,d,s,l,i){w[l]=w[l]||[];w[l].push({'gtm.start':\nnew Date().getTime(),event:'gtm.js'});var f=d.getElementsByTagName(s)[0],\nj=d.createElement(s),dl=l!='dataLayer'?'&l='+l:'';j.async=true;j.src=\n'https:\/\/www.googletagmanager.com\/gtm.js?id='+i+dl;f.parentNode.insertBefore(j,f);\n})(window,document,'script','dataLayer','GTM-KWRR83KQ');<\/script><br \/>\n<!-- End Google Tag Manager --><\/p>\n<h3>Conoce la experiencia Grill&#8217;Arts<\/h3>\n<p>[\/vc_column_text][vc_column_text]<\/p>\n<p style=\"text-align: justify;\">En el coraz\u00f3n de Sant Cugat nace Grill\u2019Arts, un restaurante moderno en el que los fogones y la brasa son la base de nuestra cocina. La filosof\u00eda que nos mueve es la de trabajar siempre con el mejor producto, respet\u00e1ndolo y cocin\u00e1ndolo en la medida justa, para que disfrutes de todo su sabor original.<\/p>\n<p>Nuestra cuidada carta de vinos y cervezas artesanas, nuestro esfuerzo diario en la cocina y la atenci\u00f3n con la que tratamos a nuestros comensales, hacen de Grill\u2019Arts un lugar al que querr\u00e1s volver!<\/p>\n<p>[\/vc_column_text][vc_empty_space height=&#8221;15px&#8221;]<a itemprop=\"url\" href=\"https:\/\/grillarts.es\/conocenos\" target=\"_self\" style=\"margin: 10px\" class=\"edgtf-btn edgtf-btn-medium edgtf-btn-solid edgtf-hover-animation\"  >\n            <span class=\"edgtf-btn-hover-item\" ><\/span>\n        <span class=\"edgtf-btn-text\">\u00a1Con\u00f3cenos!<\/span>\n    <\/a>[vc_empty_space height=&#8221;20px&#8221;][\/vc_column][vc_column width=&#8221;1\/2&#8243;][vc_single_image image=&#8221;4952&#8243; img_size=&#8221;full&#8221; alignment=&#8221;center&#8221;][vc_empty_space height=&#8221;20px&#8221;][\/vc_column][\/vc_row][vc_row full_width=&#8221;stretch_row&#8221; gap=&#8221;10&#8243; css=&#8221;.vc_custom_1642414732521{margin-right: 50px !important;margin-left: 50px !important;}&#8221; simple_background_color=&#8221;#f8f8f8&#8243;][vc_column width=&#8221;1\/2&#8243;][vc_empty_space height=&#8221;40px&#8221;][vc_single_image image=&#8221;4958&#8243; img_size=&#8221;full&#8221; alignment=&#8221;center&#8221;][\/vc_column][vc_column width=&#8221;1\/2&#8243;][vc_column_text]<\/p>\n<h3 style=\"text-align: right;\">Carta con productos de temporada<\/h3>\n<p>[\/vc_column_text][vc_empty_space height=&#8221;15px&#8221;][vc_column_text]<\/p>\n<p style=\"text-align: justify;\">En Grill\u2019Arts trabajamos con productos frescos y de calidad. Apostamos por una carta cambiante, con la que podr\u00e1s disfrutar de los mejores platos de temporada. Nuestros \u201cfuera de carta\u201d permiten ampliar nuestra oferta gastron\u00f3mica con platos que no dejar\u00e1n de sorprenderte.<\/p>\n<p style=\"text-align: justify;\">Disfruta cada d\u00eda de una nueva experiencia culinaria gracias a nuestro men\u00fa semanal. Saborea una cocina sin artificios donde el protagonista de nuestros platos es siempre el sabor.<\/p>\n<p>[\/vc_column_text][vc_empty_space height=&#8221;15px&#8221;]<a itemprop=\"url\" href=\"https:\/\/grillarts.es\/carta\" target=\"_self\" style=\"margin: 10px\" class=\"edgtf-btn edgtf-btn-medium edgtf-btn-solid edgtf-hover-animation\"  >\n            <span class=\"edgtf-btn-hover-item\" ><\/span>\n        <span class=\"edgtf-btn-text\">Conoce nuestra carta<\/span>\n    <\/a>[vc_empty_space height=&#8221;20px&#8221;][\/vc_column][\/vc_row][vc_row][vc_column]<div class=\"edgtf-image-gallery  edgtf-ig-grid-type edgtf-no-space  edgtf-image-behavior-lightbox\">\n\t<div class=\"edgtf-ig-inner edgtf-outer-space edgtf-ig-grid edgtf-ig-four-columns\">\n\t\t\t\t\t<div class=\"edgtf-ig-image edgtf-item-space\">\n\t\t\t\t<div class=\"edgtf-ig-image-inner\">\n\t\t\t\t\t\t\t\t\t\t\t<a itemprop=\"image\" class=\"edgtf-ig-lightbox\" href=\"https:\/\/grillarts.es\/wp-content\/uploads\/2022\/01\/Hummus-GrillArts.png\" data-rel=\"prettyPhoto[image_gallery_pretty_photo-200]\" title=\"Hummus Grill&#8217;Arts\">\n\t\t\t\t\t\t\t\t\t\t\t<img loading=\"lazy\" decoding=\"async\" width=\"480\" height=\"480\" src=\"https:\/\/grillarts.es\/wp-content\/uploads\/2022\/01\/Hummus-GrillArts.png\" class=\"attachment-full size-full\" alt=\"Hummus Grill&#039;Arts\" srcset=\"https:\/\/grillarts.es\/wp-content\/uploads\/2022\/01\/Hummus-GrillArts.png 480w, https:\/\/grillarts.es\/wp-content\/uploads\/2022\/01\/Hummus-GrillArts-300x300.png 300w, https:\/\/grillarts.es\/wp-content\/uploads\/2022\/01\/Hummus-GrillArts-150x150.png 150w, https:\/\/grillarts.es\/wp-content\/uploads\/2022\/01\/Hummus-GrillArts-100x100.png 100w\" sizes=\"auto, (max-width: 480px) 100vw, 480px\" \/>\t\t\t\t\t\t\t\t\t\t\t<\/a>\n\t\t\t\t\t\t\t\t\t<\/div>\n\t\t\t<\/div>\n\t\t\t\t\t<div class=\"edgtf-ig-image edgtf-item-space\">\n\t\t\t\t<div class=\"edgtf-ig-image-inner\">\n\t\t\t\t\t\t\t\t\t\t\t<a itemprop=\"image\" class=\"edgtf-ig-lightbox\" href=\"https:\/\/grillarts.es\/wp-content\/uploads\/2022\/01\/Burguer-GrillArts.png\" data-rel=\"prettyPhoto[image_gallery_pretty_photo-200]\" title=\"Burguer Grill&#8217;Arts\">\n\t\t\t\t\t\t\t\t\t\t\t<img loading=\"lazy\" decoding=\"async\" width=\"480\" height=\"480\" src=\"https:\/\/grillarts.es\/wp-content\/uploads\/2022\/01\/Burguer-GrillArts.png\" class=\"attachment-full size-full\" alt=\"Burguer Grill&#039;Arts\" srcset=\"https:\/\/grillarts.es\/wp-content\/uploads\/2022\/01\/Burguer-GrillArts.png 480w, https:\/\/grillarts.es\/wp-content\/uploads\/2022\/01\/Burguer-GrillArts-300x300.png 300w, https:\/\/grillarts.es\/wp-content\/uploads\/2022\/01\/Burguer-GrillArts-150x150.png 150w, https:\/\/grillarts.es\/wp-content\/uploads\/2022\/01\/Burguer-GrillArts-100x100.png 100w\" sizes=\"auto, (max-width: 480px) 100vw, 480px\" \/>\t\t\t\t\t\t\t\t\t\t\t<\/a>\n\t\t\t\t\t\t\t\t\t<\/div>\n\t\t\t<\/div>\n\t\t\t\t\t<div class=\"edgtf-ig-image edgtf-item-space\">\n\t\t\t\t<div class=\"edgtf-ig-image-inner\">\n\t\t\t\t\t\t\t\t\t\t\t<a itemprop=\"image\" class=\"edgtf-ig-lightbox\" href=\"https:\/\/grillarts.es\/wp-content\/uploads\/2022\/01\/Burrata-GrillArts-1.png\" data-rel=\"prettyPhoto[image_gallery_pretty_photo-200]\" title=\"Burrata Grill&#8217;Arts\">\n\t\t\t\t\t\t\t\t\t\t\t<img loading=\"lazy\" decoding=\"async\" width=\"480\" height=\"480\" src=\"https:\/\/grillarts.es\/wp-content\/uploads\/2022\/01\/Burrata-GrillArts-1.png\" class=\"attachment-full size-full\" alt=\"Burrata Grill&#039;Arts\" srcset=\"https:\/\/grillarts.es\/wp-content\/uploads\/2022\/01\/Burrata-GrillArts-1.png 480w, https:\/\/grillarts.es\/wp-content\/uploads\/2022\/01\/Burrata-GrillArts-1-300x300.png 300w, https:\/\/grillarts.es\/wp-content\/uploads\/2022\/01\/Burrata-GrillArts-1-150x150.png 150w, https:\/\/grillarts.es\/wp-content\/uploads\/2022\/01\/Burrata-GrillArts-1-100x100.png 100w\" sizes=\"auto, (max-width: 480px) 100vw, 480px\" \/>\t\t\t\t\t\t\t\t\t\t\t<\/a>\n\t\t\t\t\t\t\t\t\t<\/div>\n\t\t\t<\/div>\n\t\t\t\t\t<div class=\"edgtf-ig-image edgtf-item-space\">\n\t\t\t\t<div class=\"edgtf-ig-image-inner\">\n\t\t\t\t\t\t\t\t\t\t\t<a itemprop=\"image\" class=\"edgtf-ig-lightbox\" href=\"https:\/\/grillarts.es\/wp-content\/uploads\/2022\/01\/Sweet-Yuka-GrillArts.png\" data-rel=\"prettyPhoto[image_gallery_pretty_photo-200]\" title=\"Sweet Yuka Grill&#8217;Arts\">\n\t\t\t\t\t\t\t\t\t\t\t<img loading=\"lazy\" decoding=\"async\" width=\"480\" height=\"480\" src=\"https:\/\/grillarts.es\/wp-content\/uploads\/2022\/01\/Sweet-Yuka-GrillArts.png\" class=\"attachment-full size-full\" alt=\"Sweet Yuka Grill&#039;Arts\" srcset=\"https:\/\/grillarts.es\/wp-content\/uploads\/2022\/01\/Sweet-Yuka-GrillArts.png 480w, https:\/\/grillarts.es\/wp-content\/uploads\/2022\/01\/Sweet-Yuka-GrillArts-300x300.png 300w, https:\/\/grillarts.es\/wp-content\/uploads\/2022\/01\/Sweet-Yuka-GrillArts-150x150.png 150w, https:\/\/grillarts.es\/wp-content\/uploads\/2022\/01\/Sweet-Yuka-GrillArts-100x100.png 100w\" sizes=\"auto, (max-width: 480px) 100vw, 480px\" \/>\t\t\t\t\t\t\t\t\t\t\t<\/a>\n\t\t\t\t\t\t\t\t\t<\/div>\n\t\t\t<\/div>\n\t\t\t<\/div>\n<\/div>[\/vc_column][\/vc_row]<\/p>\n","protected":false},"excerpt":{"rendered":"<p>[vc_row css=&#8221;.vc_custom_1512731014402{margin-top: 0px !important;margin-right: 0px !important;margin-bottom: 0px !important;margin-left: 0px !important;padding-top: 0px !important;padding-right: 0px !important;padding-bottom: 0px !important;padding-left: 0px !important;background-color: #000000 !important;}&#8221; simple_background_color=&#8221;#000000&#8243; el_class=&#8221;.edgtf-rev-main-home-slider&#8221;][vc_column css=&#8221;.vc_custom_1511367652766{margin-top: 0px !important;margin-right: 0px !important;margin-bottom: 0px !important;margin-left: 0px !important;padding-top: 0px !important;padding-right: 0px !important;padding-bottom: 0px !important;padding-left: 0px !important;}&#8221;][rev_slider_vc alias=&#8221;home-1&#8243; [&hellip;]<\/p>\n","protected":false},"author":1,"featured_media":0,"parent":0,"menu_order":0,"comment_status":"closed","ping_status":"closed","template":"full-width.php","meta":{"om_disable_all_campaigns":false,"_monsterinsights_skip_tracking":false,"_monsterinsights_sitenote_active":false,"_monsterinsights_sitenote_note":"","_monsterinsights_sitenote_category":0,"_uf_show_specific_survey":0,"_uf_disable_surveys":false,"footnotes":""},"class_list":["post-3007","page","type-page","status-publish","hentry"],"aioseo_notices":[],"_links":{"self":[{"href":"https:\/\/grillarts.es\/es\/wp-json\/wp\/v2\/pages\/3007","targetHints":{"allow":["GET"]}}],"collection":[{"href":"https:\/\/grillarts.es\/es\/wp-json\/wp\/v2\/pages"}],"about":[{"href":"https:\/\/grillarts.es\/es\/wp-json\/wp\/v2\/types\/page"}],"author":[{"embeddable":true,"href":"https:\/\/grillarts.es\/es\/wp-json\/wp\/v2\/users\/1"}],"replies":[{"embeddable":true,"href":"https:\/\/grillarts.es\/es\/wp-json\/wp\/v2\/comments?post=3007"}],"version-history":[{"count":68,"href":"https:\/\/grillarts.es\/es\/wp-json\/wp\/v2\/pages\/3007\/revisions"}],"predecessor-version":[{"id":6131,"href":"https:\/\/grillarts.es\/es\/wp-json\/wp\/v2\/pages\/3007\/revisions\/6131"}],"wp:attachment":[{"href":"https:\/\/grillarts.es\/es\/wp-json\/wp\/v2\/media?parent=3007"}],"curies":[{"name":"wp","href":"https:\/\/api.w.org\/{rel}","templated":true}]}}