{"id":2965,"date":"2021-09-09T11:36:14","date_gmt":"2021-09-09T11:36:14","guid":{"rendered":"https:\/\/grillarts.es\/?page_id=2965"},"modified":"2024-09-19T14:31:10","modified_gmt":"2024-09-19T14:31:10","slug":"conocenos","status":"publish","type":"page","link":"https:\/\/grillarts.es\/es\/conocenos","title":{"rendered":"Con\u00f3cenos"},"content":{"rendered":"<p>[vc_row css=&#8221;.vc_custom_1641978980440{margin-right: 50px !important;margin-left: 50px !important;}&#8221;][vc_column width=&#8221;1\/2&#8243;][vc_column_text]<!-- Google Tag Manager --><br \/>\n<script>(function(w,d,s,l,i){w[l]=w[l]||[];w[l].push({'gtm.start':\nnew Date().getTime(),event:'gtm.js'});var f=d.getElementsByTagName(s)[0],\nj=d.createElement(s),dl=l!='dataLayer'?'&l='+l:'';j.async=true;j.src=\n'https:\/\/www.googletagmanager.com\/gtm.js?id='+i+dl;f.parentNode.insertBefore(j,f);\n})(window,document,'script','dataLayer','GTM-KWRR83KQ');<\/script><br \/>\n<!-- End Google Tag Manager --><\/p>\n<h3>Color, sabor y frescura<\/h3>\n<p>[\/vc_column_text][vc_empty_space height=&#8221;13px&#8221;][vc_column_text]<\/p>\n<p style=\"text-align: justify;\">Grill\u2019Arts abre sus puertas en el centro de Sant Cugat con el fin de hacer disfrutar a sus comensales de uno de los mayores placeres de la vida. Un restaurante moderno, liderado por un equipo joven, con ganas de dar rienda suelta a su creatividad y transmitir en cada plato su pasi\u00f3n por la cocina.<\/p>\n<p style=\"text-align: justify;\">Su acogedor comedor y cuidada terraza har\u00e1n que te sientas como en casa. Disfruta de una cocina llena de color y sabores cambiantes. Elaboramos cada plato con mucho mimo, respetando siempre la calidad de la materia prima. El Grill es una pieza clave en nuestra cocina, con el que conseguir el toque m\u00e1s caracter\u00edstico de Grill\u2019Arts.<\/p>\n<p>[\/vc_column_text][\/vc_column][vc_column width=&#8221;1\/2&#8243;][vc_single_image image=&#8221;745&#8243; img_size=&#8221;full&#8221;][vc_empty_space height=&#8221;25px&#8221;][\/vc_column][\/vc_row][vc_row full_width=&#8221;stretch_row&#8221; simple_background_color=&#8221;#f8f8f8&#8243; css=&#8221;.vc_custom_1641979101390{margin-right: 50px !important;margin-left: 50px !important;}&#8221;][vc_column width=&#8221;1\/2&#8243;][vc_single_image image=&#8221;750&#8243; img_size=&#8221;medium&#8221; alignment=&#8221;center&#8221;][\/vc_column][vc_column width=&#8221;1\/2&#8243;][vc_column_text]<\/p>\n<h3>Cocina de mercado y temporada<\/h3>\n<p>[\/vc_column_text][vc_empty_space height=&#8221;13px&#8221;][vc_column_text]<\/p>\n<p style=\"text-align: justify;\">Trabajamos con productos frescos y de temporada, para que disfrutes de una comida llena de sabor. Ofrecemos una carta cambiante, con platos deliciosos, que se complementan con nuestros \u201cfuera de carta\u201d con los que sorprenderte siempre que vengas a visitarnos.<\/p>\n<p style=\"text-align: justify;\">Grill\u2019Arts tambi\u00e9n ofrece un men\u00fa semanal, para que puedas pausar tu d\u00eda saboreando una cocina de mercado y sin artificios. Un men\u00fa diferente donde tratamos los productos con el punto justo de fuego y cuidamos al detalle todos los procesos de elaboraci\u00f3n.<\/p>\n<p>[\/vc_column_text][vc_empty_space height=&#8221;25px&#8221;][\/vc_column][\/vc_row][vc_row css=&#8221;.vc_custom_1641979138704{margin-right: 50px !important;margin-left: 50px !important;}&#8221;][vc_column width=&#8221;1\/2&#8243;][vc_column_text]<\/p>\n<h3>Nuestro valor a\u00f1adido<\/h3>\n<p>[\/vc_column_text][vc_empty_space height=&#8221;13px&#8221;][vc_column_text]<\/p>\n<p style=\"text-align: justify;\">Podr\u00e1s acompa\u00f1ar nuestra carta con una amplia selecci\u00f3n de vinos y cervezas artesanas, elegidas con mucho cuidado para que vivas una gran experiencia de principio a fin.<\/p>\n<p style=\"text-align: justify;\">Nuestra concienciaci\u00f3n con el medio ambiente nos hace trabajar con proveedores de km0, utilizar packaging biodegradable y botellas de cristal reutilizable.<\/p>\n<p style=\"text-align: justify;\">Nuestra cuidada carta de vinos y cervezas artesanas, nuestro esfuerzo diario en la cocina y atenci\u00f3n con la que tratamos a nuestros comensales, hacen de Grill\u2019Arts un lugar al que querr\u00e1s volver!<\/p>\n<p>[\/vc_column_text][vc_empty_space height=&#8221;20px&#8221;][\/vc_column][vc_column width=&#8221;1\/2&#8243;][vc_empty_space height=&#8221;80px&#8221;]<div class=\"edgtf-progress-bar \">\n\t<p class=\"edgtf-pb-title-holder\" >\n\t\t<span class=\"edgtf-pb-title\">SELECCI\u00d3N DE VINOS<\/span>\n\t\t<span class=\"edgtf-pb-percent\">0<\/span>\n\t<\/p>\n\t<div class=\"edgtf-pb-content-holder\" style=\"background-color: #edbec6\">\n\t\t<div data-percentage=67 class=\"edgtf-pb-content\" style=\"background-color: #eb0028\"><\/div>\n\t<\/div>\n<\/div>[vc_empty_space height=&#8221;13px&#8221;]<div class=\"edgtf-progress-bar \">\n\t<p class=\"edgtf-pb-title-holder\" >\n\t\t<span class=\"edgtf-pb-title\">CERVEZA ARTESANA<\/span>\n\t\t<span class=\"edgtf-pb-percent\">0<\/span>\n\t<\/p>\n\t<div class=\"edgtf-pb-content-holder\" style=\"background-color: #edbec6\">\n\t\t<div data-percentage=90 class=\"edgtf-pb-content\" style=\"background-color: #eb0028\"><\/div>\n\t<\/div>\n<\/div>[vc_empty_space height=&#8221;13px&#8221;]<div class=\"edgtf-progress-bar \">\n\t<p class=\"edgtf-pb-title-holder\" >\n\t\t<span class=\"edgtf-pb-title\">CAF\u00c9<\/span>\n\t\t<span class=\"edgtf-pb-percent\">0<\/span>\n\t<\/p>\n\t<div class=\"edgtf-pb-content-holder\" style=\"background-color: #edbec6\">\n\t\t<div data-percentage=81 class=\"edgtf-pb-content\" style=\"background-color: #eb0028\"><\/div>\n\t<\/div>\n<\/div>[\/vc_column][\/vc_row][vc_row gap=&#8221;5&#8243; simple_background_color=&#8221;#f8f8f8&#8243; css=&#8221;.vc_custom_1641629123381{margin-right: -5px !important;margin-left: -5px !important;padding-top: 35px !important;padding-bottom: 35px !important;}&#8221;][vc_column]<div class=\"edgtf-clients-carousel-holder edgtf-cc-hover-roll-over\">\n\t<div class=\"edgtf-cc-inner edgtf-owl-slider\" data-number-of-items=\"6\" data-enable-loop=\"yes\" data-enable-autoplay=\"yes\" data-slider-speed=\"5000\" data-slider-speed-animation=\"600\" data-enable-navigation=\"no\" data-enable-pagination=\"no\">\n\t\t<div class=\"edgtf-cc-item\">\n\t\t\t<a itemprop=\"url\" class=\"edgtf-cc-link edgtf-block-drag-link\" href=\"https:\/\/basquebeer.com\/\" target=\"_blank\">\n\t\t\t\t\t\t<img decoding=\"async\" itemprop=\"image\" class=\"edgtf-cc-image\" src=\"https:\/\/grillarts.es\/wp-content\/uploads\/2022\/01\/BasquelandLogo_.png\" alt=\"Grill&#039;Arts Basqueland\" \/>\n\t\t\t\t\t\t\t<img decoding=\"async\" itemprop=\"image\" class=\"edgtf-cc-hover-image\" src=\"https:\/\/grillarts.es\/wp-content\/uploads\/2022\/01\/BasquelandLogo_.png\" alt=\"Grill&#039;Arts Basqueland\" \/>\n\t\t\t\t\t<\/a>\n\t<\/div><div class=\"edgtf-cc-item\">\n\t\t\t<a itemprop=\"url\" class=\"edgtf-cc-link edgtf-block-drag-link\" href=\"https:\/\/aguakmzero.com\/\" target=\"_blank\">\n\t\t\t\t\t\t<img decoding=\"async\" itemprop=\"image\" class=\"edgtf-cc-image\" src=\"https:\/\/grillarts.es\/wp-content\/uploads\/2022\/01\/KMCEROR.png\" alt=\"Grill&#039;Arts Proveedor KMZERO\" \/>\n\t\t\t\t\t\t\t<img decoding=\"async\" itemprop=\"image\" class=\"edgtf-cc-hover-image\" src=\"https:\/\/grillarts.es\/wp-content\/uploads\/2022\/01\/KMCEROR.png\" alt=\"Grill&#039;Arts Proveedor KMZERO\" \/>\n\t\t\t\t\t<\/a>\n\t<\/div><div class=\"edgtf-cc-item\">\n\t\t\t<a itemprop=\"url\" class=\"edgtf-cc-link edgtf-block-drag-link\" href=\"https:\/\/gross.beer\/\" target=\"_blank\">\n\t\t\t\t\t\t<img decoding=\"async\" itemprop=\"image\" class=\"edgtf-cc-image\" src=\"https:\/\/grillarts.es\/wp-content\/uploads\/2022\/01\/GROSS_.png\" alt=\"Grill&#039;Arts Gross\" \/>\n\t\t\t\t\t\t\t<img decoding=\"async\" itemprop=\"image\" class=\"edgtf-cc-hover-image\" src=\"https:\/\/grillarts.es\/wp-content\/uploads\/2022\/01\/GROSS_.png\" alt=\"Grill&#039;Arts Gross\" \/>\n\t\t\t\t\t<\/a>\n\t<\/div><div class=\"edgtf-cc-item\">\n\t\t\t<a itemprop=\"url\" class=\"edgtf-cc-link edgtf-block-drag-link\" href=\"https:\/\/www.cafesdern.com\/\" target=\"_blank\">\n\t\t\t\t\t\t<img decoding=\"async\" itemprop=\"image\" class=\"edgtf-cc-image\" src=\"https:\/\/grillarts.es\/wp-content\/uploads\/2022\/01\/Dern7.png\" alt=\"Grill&#039;Arts Caf\u00e8s Dern\" \/>\n\t\t\t\t\t\t\t<img decoding=\"async\" itemprop=\"image\" class=\"edgtf-cc-hover-image\" src=\"https:\/\/grillarts.es\/wp-content\/uploads\/2022\/01\/Dern7.png\" alt=\"Grill&#039;Arts Caf\u00e8s Dern\" \/>\n\t\t\t\t\t<\/a>\n\t<\/div><div class=\"edgtf-cc-item\">\n\t\t\t<a itemprop=\"url\" class=\"edgtf-cc-link edgtf-block-drag-link\" href=\"http:\/\/www.cervesalovilot.com\/es\/\" target=\"_blank\">\n\t\t\t\t\t\t<img decoding=\"async\" itemprop=\"image\" class=\"edgtf-cc-image\" src=\"https:\/\/grillarts.es\/wp-content\/uploads\/2022\/01\/Lo-VILOT_.png\" alt=\"Grill&#039;Arts Lo Vilot\" \/>\n\t\t\t\t\t\t\t<img decoding=\"async\" itemprop=\"image\" class=\"edgtf-cc-hover-image\" src=\"https:\/\/grillarts.es\/wp-content\/uploads\/2022\/01\/Lo-VILOT_.png\" alt=\"Grill&#039;Arts Lo Vilot\" \/>\n\t\t\t\t\t<\/a>\n\t<\/div><div class=\"edgtf-cc-item\">\n\t\t\t<a itemprop=\"url\" class=\"edgtf-cc-link edgtf-block-drag-link\" href=\"http:\/\/casanovas1906.com\/es\/\" target=\"_blank\">\n\t\t\t\t\t\t<img decoding=\"async\" itemprop=\"image\" class=\"edgtf-cc-image\" src=\"https:\/\/grillarts.es\/wp-content\/uploads\/2022\/01\/CasanovasOK2.png\" alt=\"Grill&#039;Arts Casanovas 1906\" \/>\n\t\t\t\t\t\t\t<img decoding=\"async\" itemprop=\"image\" class=\"edgtf-cc-hover-image\" src=\"https:\/\/grillarts.es\/wp-content\/uploads\/2022\/01\/CasanovasOK2.png\" alt=\"Grill&#039;Arts Casanovas 1906\" \/>\n\t\t\t\t\t<\/a>\n\t<\/div>\t<\/div>\n<\/div>[\/vc_column][\/vc_row]<\/p>\n","protected":false},"excerpt":{"rendered":"<p>[vc_row css=&#8221;.vc_custom_1641978980440{margin-right: 50px !important;margin-left: 50px !important;}&#8221;][vc_column width=&#8221;1\/2&#8243;][vc_column_text] Color, sabor y frescura [\/vc_column_text][vc_empty_space height=&#8221;13px&#8221;][vc_column_text] Grill\u2019Arts abre sus puertas en el centro de Sant Cugat con el fin de hacer disfrutar a sus comensales de uno de los mayores placeres de la [&hellip;]<\/p>\n","protected":false},"author":1,"featured_media":0,"parent":0,"menu_order":0,"comment_status":"closed","ping_status":"closed","template":"full-width.php","meta":{"om_disable_all_campaigns":false,"_monsterinsights_skip_tracking":false,"_monsterinsights_sitenote_active":false,"_monsterinsights_sitenote_note":"","_monsterinsights_sitenote_category":0,"_uf_show_specific_survey":0,"_uf_disable_surveys":false,"footnotes":""},"class_list":["post-2965","page","type-page","status-publish","hentry"],"aioseo_notices":[],"_links":{"self":[{"href":"https:\/\/grillarts.es\/es\/wp-json\/wp\/v2\/pages\/2965","targetHints":{"allow":["GET"]}}],"collection":[{"href":"https:\/\/grillarts.es\/es\/wp-json\/wp\/v2\/pages"}],"about":[{"href":"https:\/\/grillarts.es\/es\/wp-json\/wp\/v2\/types\/page"}],"author":[{"embeddable":true,"href":"https:\/\/grillarts.es\/es\/wp-json\/wp\/v2\/users\/1"}],"replies":[{"embeddable":true,"href":"https:\/\/grillarts.es\/es\/wp-json\/wp\/v2\/comments?post=2965"}],"version-history":[{"count":31,"href":"https:\/\/grillarts.es\/es\/wp-json\/wp\/v2\/pages\/2965\/revisions"}],"predecessor-version":[{"id":6103,"href":"https:\/\/grillarts.es\/es\/wp-json\/wp\/v2\/pages\/2965\/revisions\/6103"}],"wp:attachment":[{"href":"https:\/\/grillarts.es\/es\/wp-json\/wp\/v2\/media?parent=2965"}],"curies":[{"name":"wp","href":"https:\/\/api.w.org\/{rel}","templated":true}]}}